{"id":1703,"date":"2023-07-19T10:30:43","date_gmt":"2023-07-19T10:30:43","guid":{"rendered":"https:\/\/it.wgsr.uw.edu.pl\/?page_id=1703"},"modified":"2025-10-20T13:25:26","modified_gmt":"2025-10-20T13:25:26","slug":"kontakt","status":"publish","type":"page","link":"https:\/\/it.wgsr.uw.edu.pl\/index.php\/kontakt\/","title":{"rendered":"Kontakt"},"content":{"rendered":"<p><strong>IT WGSR UW<\/strong><\/p>\n<p>it.wgsr@uw.edu.pl<\/p>\n<p><strong>Wydawanie licencji:<\/strong><\/p>\n<p>licencje.wgsr@uw.edu.pl<\/p>\n<p><strong>Informacje ws. licencji:<\/strong><\/p>\n<p>Jerzy Lechnio &#8211; jrlechni@uw.edu.pl (ArcGIS, SPSS, STATISTICA)<\/p>\n<p>Kacper Kacprzak &#8211; k.kacprzak25@uw.edu.pl (ArcGIS, SPSS, STATISTICA)<\/p>\n<p>Mariusz Porczek &#8211; mt.porczek@uw.edu.pl (MapInfo, Matlab, Vectorworks)<\/p>\n<p><strong>Zakup licencji:<\/strong><\/p>\n<p>Mariusz Porczek &#8211; mt.porczek@uw.edu.pl<\/p>\n<p><strong>Koordynator USOS:<\/strong><\/p>\n<p>Jan Skrzypczuk &#8211; j.skrzypczuk@uw.edu.pl<\/p>\n<p><strong>Pomoc techniczna USOS na Uniwersytecie:<\/strong><\/p>\n<p>usos-dak@adm.uw.edu.pl<\/p>\n<p><strong>Koordynator SAP:<\/strong><\/p>\n<p>Magdalena Dobrowolska &#8211; magdad@uw.edu.pl<\/p>\n<p><strong>Pomoc techniczna SAP na Uniwersytecie:<\/strong><\/p>\n<p>Pawe\u0142 Stanicki &#8211; p.stanicki@adm.uw.edu.pl<\/p>\n<p><strong>Pomoc techniczna ws. pozosta\u0142ych program\u00f3w:<\/strong><\/p>\n<p>Marta Jankowska &#8211; mjankowska@uw.edu.pl<\/p>\n<p>Kacper Kacprzak &#8211; k.kacprzak25@uw.edu.pl<\/p>\n<p>Mariusz Porczek &#8211; mt.porczek@uw.edu.pl<\/p>\n<p><strong>Pracownia kartograficzna:<\/strong><\/p>\n<p>Micha\u0142 Osowiec &#8211; mosowiec@uw.edu.pl<\/p>\n<p>Agnieszka Gmiterek &#8211; a.gmiterek@uw.edu.pl<\/p>\n<p><strong>Dzia\u0142 IT UW (system zg\u0142osze\u0144 awarii):<\/strong><\/p>\n<p><a href=\"https:\/\/it.jira.uw.edu.pl\/servicedesk\/customer\/portals\" target=\"_blank\" rel=\"noopener\">it.jira.uw.edu.pl<\/a><\/p>\n<p>&nbsp;<\/p>\n","protected":false},"excerpt":{"rendered":"<p>IT WGSR UW it.wgsr@uw.edu.pl Wydawanie licencji: licencje.wgsr@uw.edu.pl Informacje ws. licencji: Jerzy Lechnio &#8211; jrlechni@uw.edu.pl (ArcGIS, SPSS, STATISTICA) Kacper Kacprzak &#8211; k.kacprzak25@uw.edu.pl (ArcGIS, SPSS, STATISTICA) Mariusz Porczek &#8211; mt.porczek@uw.edu.pl (MapInfo, Matlab, Vectorworks) Zakup licencji: Mariusz Porczek &#8211; mt.porczek@uw.edu.pl Koordynator USOS: Jan Skrzypczuk &#8211; j.skrzypczuk@uw.edu.pl Pomoc techniczna USOS na Uniwersytecie: usos-dak@adm.uw.edu.pl Koordynator SAP: Magdalena Dobrowolska &#8211; magdad@uw.edu.pl [&hellip;]<\/p>\n","protected":false},"author":1,"featured_media":0,"parent":0,"menu_order":0,"comment_status":"closed","ping_status":"closed","template":"","meta":{"footnotes":""},"class_list":["post-1703","page","type-page","status-publish","hentry","post"],"_links":{"self":[{"href":"https:\/\/it.wgsr.uw.edu.pl\/index.php\/wp-json\/wp\/v2\/pages\/1703","targetHints":{"allow":["GET"]}}],"collection":[{"href":"https:\/\/it.wgsr.uw.edu.pl\/index.php\/wp-json\/wp\/v2\/pages"}],"about":[{"href":"https:\/\/it.wgsr.uw.edu.pl\/index.php\/wp-json\/wp\/v2\/types\/page"}],"author":[{"embeddable":true,"href":"https:\/\/it.wgsr.uw.edu.pl\/index.php\/wp-json\/wp\/v2\/users\/1"}],"replies":[{"embeddable":true,"href":"https:\/\/it.wgsr.uw.edu.pl\/index.php\/wp-json\/wp\/v2\/comments?post=1703"}],"version-history":[{"count":6,"href":"https:\/\/it.wgsr.uw.edu.pl\/index.php\/wp-json\/wp\/v2\/pages\/1703\/revisions"}],"predecessor-version":[{"id":1935,"href":"https:\/\/it.wgsr.uw.edu.pl\/index.php\/wp-json\/wp\/v2\/pages\/1703\/revisions\/1935"}],"wp:attachment":[{"href":"https:\/\/it.wgsr.uw.edu.pl\/index.php\/wp-json\/wp\/v2\/media?parent=1703"}],"curies":[{"name":"wp","href":"https:\/\/api.w.org\/{rel}","templated":true}]}}