{"id":1773,"date":"2023-11-07T09:55:17","date_gmt":"2023-11-07T09:55:17","guid":{"rendered":"https:\/\/it.wgsr.uw.edu.pl\/?page_id=1773"},"modified":"2023-11-07T11:46:18","modified_gmt":"2023-11-07T11:46:18","slug":"zamow-oprogramowanie","status":"publish","type":"page","link":"https:\/\/it.wgsr.uw.edu.pl\/index.php\/zamow-oprogramowanie\/","title":{"rendered":"Zam\u00f3w oprogramowanie"},"content":{"rendered":"<div id=\"pl-1773\"  class=\"panel-layout\" ><div id=\"pg-1773-0\"  class=\"panel-grid panel-no-style\" ><div id=\"pgc-1773-0-0\"  class=\"panel-grid-cell\" ><div id=\"panel-1773-0-0-0\" class=\"so-panel widget widget_sow-editor panel-first-child panel-last-child\" data-index=\"0\" ><div\n\t\t\t\n\t\t\tclass=\"so-widget-sow-editor so-widget-sow-editor-base\"\n\t\t\t\n\t\t>\n<div class=\"siteorigin-widget-tinymce textwidget\">\n\t<h1 style=\"text-align: center;\">RODZAJ LICENCJI<\/h1>\n<\/div>\n<\/div><\/div><\/div><\/div><div id=\"pg-1773-1\"  class=\"panel-grid panel-no-style\" ><div id=\"pgc-1773-1-0\"  class=\"panel-grid-cell\" ><div id=\"panel-1773-1-0-0\" class=\"so-panel widget widget_sow-editor panel-first-child panel-last-child\" data-index=\"1\" ><div\n\t\t\t\n\t\t\tclass=\"so-widget-sow-editor so-widget-sow-editor-base\"\n\t\t\t\n\t\t>\n<div class=\"siteorigin-widget-tinymce textwidget\">\n\t<p style=\"text-align: center;\"><a href=\"https:\/\/it.wgsr.uw.edu.pl\/index.php\/2023\/07\/12\/zakupy-licencji-na-uniwersytecie\/\"><strong>P\u0141ATNA<\/strong><\/a><\/p>\n<p style=\"text-align: center;\"><a href=\"https:\/\/it.wgsr.uw.edu.pl\/index.php\/2023\/07\/12\/zakupy-licencji-na-uniwersytecie\/\"><strong>ZAKUPY UW<\/strong><\/a><\/p>\n<p style=\"text-align: center;\">Np.<\/p>\n<p style=\"text-align: center;\">Pakiety Adobe<\/p>\n<p style=\"text-align: center;\">Pakiety Corel<\/p>\n<p style=\"text-align: center;\">Pakiety MS Office<\/p>\n<p style=\"text-align: center;\">ESET<\/p>\n<p style=\"text-align: center;\">MS Windows<\/p>\n<\/div>\n<\/div><\/div><\/div><div id=\"pgc-1773-1-1\"  class=\"panel-grid-cell\" ><div id=\"panel-1773-1-1-0\" class=\"so-panel widget widget_sow-editor panel-first-child panel-last-child\" data-index=\"2\" ><div\n\t\t\t\n\t\t\tclass=\"so-widget-sow-editor so-widget-sow-editor-base\"\n\t\t\t\n\t\t>\n<div class=\"siteorigin-widget-tinymce textwidget\">\n\t<p style=\"text-align: center;\"><a href=\"https:\/\/docs.google.com\/forms\/d\/e\/1FAIpQLSfyTlhkBavlpJTconvTZAIyfc9HkS7DzM9MeQ5v7r_mIuUOBA\/viewform?usp=sf_link\" target=\"_blank\" rel=\"noopener\"><strong>BEZP\u0141ATNE<\/strong><\/a><\/p>\n<p style=\"text-align: center;\"><a href=\"https:\/\/docs.google.com\/forms\/d\/e\/1FAIpQLSfyTlhkBavlpJTconvTZAIyfc9HkS7DzM9MeQ5v7r_mIuUOBA\/viewform?usp=sf_link\" target=\"_blank\" rel=\"noopener\"><strong>UNIWERSYTECKIE<\/strong><\/a><\/p>\n<p style=\"text-align: center;\"><a href=\"https:\/\/docs.google.com\/forms\/d\/e\/1FAIpQLSfyTlhkBavlpJTconvTZAIyfc9HkS7DzM9MeQ5v7r_mIuUOBA\/viewform?usp=sf_link\" target=\"_blank\" rel=\"noopener\"><strong>WYDZIA\u0141OWE<\/strong><\/a><\/p>\n<p style=\"text-align: center;\">Np.<\/p>\n<p style=\"text-align: center;\">ArcGIS<\/p>\n<p style=\"text-align: center;\">MapInfo<\/p>\n<p style=\"text-align: center;\">PS Imago<\/p>\n<p style=\"text-align: center;\">Statistica<\/p>\n<p style=\"text-align: center;\">Vectorworks<\/p>\n<\/div>\n<\/div><\/div><\/div><div id=\"pgc-1773-1-2\"  class=\"panel-grid-cell\" ><div id=\"panel-1773-1-2-0\" class=\"so-panel widget widget_sow-editor panel-first-child panel-last-child\" data-index=\"3\" ><div\n\t\t\t\n\t\t\tclass=\"so-widget-sow-editor so-widget-sow-editor-base\"\n\t\t\t\n\t\t>\n<div class=\"siteorigin-widget-tinymce textwidget\">\n\t<p style=\"text-align: center;\"><strong>POZOSTA\u0141E<\/strong><\/p>\n<p style=\"text-align: center;\"><strong>P\u0141ATNE<\/strong><\/p>\n<\/div>\n<\/div><\/div><\/div><\/div><\/div>","protected":false},"excerpt":{"rendered":"<p>RODZAJ LICENCJI P\u0141ATNA ZAKUPY UW Np. Pakiety Adobe Pakiety Corel Pakiety MS Office ESET MS Windows BEZP\u0141ATNE UNIWERSYTECKIE WYDZIA\u0141OWE Np. ArcGIS MapInfo PS Imago Statistica Vectorworks POZOSTA\u0141E P\u0141ATNE<\/p>\n","protected":false},"author":1,"featured_media":0,"parent":0,"menu_order":0,"comment_status":"closed","ping_status":"closed","template":"","meta":{"footnotes":""},"class_list":["post-1773","page","type-page","status-publish","hentry","post"],"_links":{"self":[{"href":"https:\/\/it.wgsr.uw.edu.pl\/index.php\/wp-json\/wp\/v2\/pages\/1773","targetHints":{"allow":["GET"]}}],"collection":[{"href":"https:\/\/it.wgsr.uw.edu.pl\/index.php\/wp-json\/wp\/v2\/pages"}],"about":[{"href":"https:\/\/it.wgsr.uw.edu.pl\/index.php\/wp-json\/wp\/v2\/types\/page"}],"author":[{"embeddable":true,"href":"https:\/\/it.wgsr.uw.edu.pl\/index.php\/wp-json\/wp\/v2\/users\/1"}],"replies":[{"embeddable":true,"href":"https:\/\/it.wgsr.uw.edu.pl\/index.php\/wp-json\/wp\/v2\/comments?post=1773"}],"version-history":[{"count":8,"href":"https:\/\/it.wgsr.uw.edu.pl\/index.php\/wp-json\/wp\/v2\/pages\/1773\/revisions"}],"predecessor-version":[{"id":1831,"href":"https:\/\/it.wgsr.uw.edu.pl\/index.php\/wp-json\/wp\/v2\/pages\/1773\/revisions\/1831"}],"wp:attachment":[{"href":"https:\/\/it.wgsr.uw.edu.pl\/index.php\/wp-json\/wp\/v2\/media?parent=1773"}],"curies":[{"name":"wp","href":"https:\/\/api.w.org\/{rel}","templated":true}]}}