{"id":94,"date":"2023-07-12T08:51:57","date_gmt":"2023-07-12T08:51:57","guid":{"rendered":"https:\/\/it.wgsr.uw.edu.pl\/index.php\/cenagis\/"},"modified":"2023-07-12T08:51:57","modified_gmt":"2023-07-12T08:51:57","slug":"cenagis","status":"publish","type":"page","link":"https:\/\/it.wgsr.uw.edu.pl\/index.php\/cenagis\/","title":{"rendered":"CENAGIS"},"content":{"rendered":"<p><img loading=\"lazy\" decoding=\"async\" class=\"alignnone wp-image-1036 size-full\" src=\"https:\/\/it.wgsr.uw.edu.pl\/wp-content\/uploads\/2022\/11\/Projekt-CENAGIS-info.png\" alt=\"\" width=\"964\" height=\"464\" srcset=\"https:\/\/it.wgsr.uw.edu.pl\/wp-content\/uploads\/2022\/11\/Projekt-CENAGIS-info.png 964w, https:\/\/it.wgsr.uw.edu.pl\/wp-content\/uploads\/2022\/11\/Projekt-CENAGIS-info-300x144.png 300w, https:\/\/it.wgsr.uw.edu.pl\/wp-content\/uploads\/2022\/11\/Projekt-CENAGIS-info-768x370.png 768w\" sizes=\"auto, (max-width: 964px) 100vw, 964px\" \/><\/p>\n<p>CENAGIS to projekt Politechniki Warszawskiej zak\u0142adaj\u0105cy <em>utworzenie centrum geoprzestrzennych analiz naukowych o \u015bwiatowym poziomie, z wykorzystaniem najnowszych technologii, w szczeg\u00f3lno\u015bci geoinformatycznych i informatycznych pozwalaj\u0105cych na zdalny dost\u0119p do unikalnych laboratori\u00f3w badawczych szerokiemu gronu naukowc\u00f3w i wsp\u00f3\u0142pracuj\u0105cych innowacyjnych przedsi\u0119biorstw technologicznych.<\/em><\/p>\n<p>W ramach projektu zaproszone do wsp\u00f3\u0142pracy instytucje maj\u0105 dost\u0119p do nowoczesnej infrastruktury, a przede wszystkim do superkomputera poprzez wirtualne \u015brodowisko Windows 10. Na wirtualce mo\u017cliwe jest dostosowanie \u015brodowiska pracy do w\u0142asnych potrzeb poprzez instalacj\u0119 preferowanych aplikacji.<\/p>\n<p>W projekcie bierze te\u017c udzia\u0142 WGSR. Ka\u017cda osoba lub zesp\u00f3\u0142 ch\u0119tna do skorzystania z maszyn proszona jest o kontakt z koordynatorem projektu z ramienia wydzia\u0142u &#8211; Mariuszem Porczkiem.<\/p>\n<p>Szerzej o projekcie: https:\/\/cenagis.pw.edu.pl\/<\/p>\n","protected":false},"excerpt":{"rendered":"<p>CENAGIS to projekt Politechniki Warszawskiej zak\u0142adaj\u0105cy utworzenie centrum geoprzestrzennych analiz naukowych o \u015bwiatowym poziomie, z wykorzystaniem najnowszych technologii, w szczeg\u00f3lno\u015bci geoinformatycznych i informatycznych pozwalaj\u0105cych na zdalny dost\u0119p do unikalnych laboratori\u00f3w badawczych szerokiemu gronu naukowc\u00f3w i wsp\u00f3\u0142pracuj\u0105cych innowacyjnych przedsi\u0119biorstw technologicznych. W ramach projektu zaproszone do wsp\u00f3\u0142pracy instytucje maj\u0105 dost\u0119p do nowoczesnej infrastruktury, a przede wszystkim do [&hellip;]<\/p>\n","protected":false},"author":1,"featured_media":0,"parent":0,"menu_order":0,"comment_status":"open","ping_status":"open","template":"","meta":{"footnotes":""},"class_list":["post-94","page","type-page","status-publish","hentry","post"],"_links":{"self":[{"href":"https:\/\/it.wgsr.uw.edu.pl\/index.php\/wp-json\/wp\/v2\/pages\/94","targetHints":{"allow":["GET"]}}],"collection":[{"href":"https:\/\/it.wgsr.uw.edu.pl\/index.php\/wp-json\/wp\/v2\/pages"}],"about":[{"href":"https:\/\/it.wgsr.uw.edu.pl\/index.php\/wp-json\/wp\/v2\/types\/page"}],"author":[{"embeddable":true,"href":"https:\/\/it.wgsr.uw.edu.pl\/index.php\/wp-json\/wp\/v2\/users\/1"}],"replies":[{"embeddable":true,"href":"https:\/\/it.wgsr.uw.edu.pl\/index.php\/wp-json\/wp\/v2\/comments?post=94"}],"version-history":[{"count":0,"href":"https:\/\/it.wgsr.uw.edu.pl\/index.php\/wp-json\/wp\/v2\/pages\/94\/revisions"}],"wp:attachment":[{"href":"https:\/\/it.wgsr.uw.edu.pl\/index.php\/wp-json\/wp\/v2\/media?parent=94"}],"curies":[{"name":"wp","href":"https:\/\/api.w.org\/{rel}","templated":true}]}}